{"id":296,"date":"2019-03-16T10:57:20","date_gmt":"2019-03-16T09:57:20","guid":{"rendered":"https:\/\/ilbrucaolivo.it\/la-nostra-politica-di-prenotazione-e-cancellazione\/"},"modified":"2022-03-13T19:34:05","modified_gmt":"2022-03-13T18:34:05","slug":"la-nostra-politica-di-prenotazione-e-cancellazione","status":"publish","type":"page","link":"https:\/\/ilbrucaolivo.it\/fr\/la-nostra-politica-di-prenotazione-e-cancellazione\/","title":{"rendered":"Notre politique de r\u00e9servation et de d\u00e9sistement"},"content":{"rendered":"\n<p>Pour la r\u00e9servation, nous demandons un acompte d\u2019un montant compris entre le prix d\u2019une et de quatre nuits, en fonction de la dur\u00e9e du s\u00e9jour. Le r\u00e8glement peut se faire par virement bancaire ou PayPal.<\/p>\n\n\n\n<p><strong>COORDONNEES BANCAIRES&nbsp;:<\/strong><\/p>\n\n\n\n<p><strong>BENEFICIAIRE <\/strong>: Il Brucaolivo di Costanza Lari<br><strong>IBAN <\/strong>: IT02C0623049791000046609415<br><strong>OBJET <\/strong>: caparra per prenotazione camera<\/p>\n\n\n\n<p><strong>PayPal :<br><\/strong>info@ilbrucaolivo.it<br>S\u00e9lectionner la rubrique \u201cServizi\u201d<\/p>\n\n\n\n<p><strong>Description du paiement :<br><\/strong>Acompte pour r\u00e9servation d\u2019une chambre<\/p>\n\n\n\n<p>En cas d\u2019annulation de la r\u00e9servation \u00e0 plus d\u2019une semaine du jour d\u2019arriv\u00e9e, l\u2019acompte sera int\u00e9gralement restitu\u00e9.<\/p>\n\n\n\n<p>En cas d\u2019annulation de la r\u00e9servation durant la semaine qui pr\u00e9c\u00e8de le jour d\u2019arriv\u00e9e, l\u2019acompte ne sera pas restitu\u00e9.<\/p>\n\n\n\n<p>En cas d\u2019annulation le jour pr\u00e9c\u00e9dent l\u2019arriv\u00e9e ou le jour m\u00eame, le r\u00e8glement du solde du s\u00e9jour sera demand\u00e9, via virement bancaire ou PayPal.<\/p>\n","protected":false},"excerpt":{"rendered":"<p>Pour la r\u00e9servation, nous demandons un acompte d\u2019un montant compris entre le prix d\u2019une et de quatre nuits, en fonction de la dur\u00e9e du s\u00e9jour. Le r\u00e8glement peut se faire par virement bancaire ou PayPal. COORDONNEES BANCAIRES&nbsp;: BENEFICIAIRE : Il Brucaolivo di Costanza LariIBAN : IT02C0623049791000046609415OBJET : caparra per prenotazione camera PayPal :info@ilbrucaolivo.itS\u00e9lectionner la rubrique [&#8230;]<\/p>\n<p><a class=\"btn btn-secondary understrap-read-more-link\" href=\"https:\/\/ilbrucaolivo.it\/fr\/la-nostra-politica-di-prenotazione-e-cancellazione\/\">Lire la suite\u2026<span class=\"screen-reader-text\"> from Notre politique de r\u00e9servation et de d\u00e9sistement<\/span><\/a><\/p>\n","protected":false},"author":1,"featured_media":0,"parent":0,"menu_order":0,"comment_status":"closed","ping_status":"closed","template":"page-templates\/fullwidthpage.php","meta":{"inline_featured_image":false,"footnotes":""},"yoast_head":"<!-- This site is optimized with the Yoast SEO plugin v22.0 - https:\/\/yoast.com\/wordpress\/plugins\/seo\/ -->\n<title>Notre politique de r\u00e9servation et de d\u00e9sistement - Il Brucaolivo<\/title>\n<meta name=\"robots\" content=\"index, follow, max-snippet:-1, max-image-preview:large, max-video-preview:-1\" \/>\n<link rel=\"canonical\" href=\"https:\/\/ilbrucaolivo.it\/la-nostra-politica-di-prenotazione-e-cancellazione\/\" \/>\n<meta property=\"og:locale\" content=\"fr_FR\" \/>\n<meta property=\"og:type\" content=\"article\" \/>\n<meta property=\"og:title\" content=\"Notre politique de r\u00e9servation et de d\u00e9sistement - Il Brucaolivo\" \/>\n<meta property=\"og:description\" content=\"Pour la r\u00e9servation, nous demandons un acompte d\u2019un montant compris entre le prix d\u2019une et de quatre nuits, en fonction de la dur\u00e9e du s\u00e9jour. Le r\u00e8glement peut se faire par virement bancaire ou PayPal. COORDONNEES BANCAIRES&nbsp;: BENEFICIAIRE : Il Brucaolivo di Costanza LariIBAN : IT02C0623049791000046609415OBJET : caparra per prenotazione camera PayPal :info@ilbrucaolivo.itS\u00e9lectionner la rubrique [...]Lire la suite\u2026 from Notre politique de r\u00e9servation et de d\u00e9sistement\" \/>\n<meta property=\"og:url\" content=\"https:\/\/ilbrucaolivo.it\/la-nostra-politica-di-prenotazione-e-cancellazione\/\" \/>\n<meta property=\"og:site_name\" content=\"Il Brucaolivo\" \/>\n<meta property=\"article:publisher\" content=\"https:\/\/www.facebook.com\/Il-Brucaolivo-1462372623980751\/\" \/>\n<meta property=\"article:modified_time\" content=\"2022-03-13T18:34:05+00:00\" \/>\n<meta name=\"twitter:card\" content=\"summary_large_image\" \/>\n<meta name=\"twitter:label1\" content=\"Dur\u00e9e de lecture estim\u00e9e\" \/>\n\t<meta name=\"twitter:data1\" content=\"1 minute\" \/>\n<script type=\"application\/ld+json\" class=\"yoast-schema-graph\">{\"@context\":\"https:\/\/schema.org\",\"@graph\":[{\"@type\":\"WebPage\",\"@id\":\"https:\/\/ilbrucaolivo.it\/la-nostra-politica-di-prenotazione-e-cancellazione\/\",\"url\":\"https:\/\/ilbrucaolivo.it\/la-nostra-politica-di-prenotazione-e-cancellazione\/\",\"name\":\"Notre politique de r\u00e9servation et de d\u00e9sistement - Il Brucaolivo\",\"isPartOf\":{\"@id\":\"https:\/\/ilbrucaolivo.it\/#website\"},\"datePublished\":\"2019-03-16T09:57:20+00:00\",\"dateModified\":\"2022-03-13T18:34:05+00:00\",\"breadcrumb\":{\"@id\":\"https:\/\/ilbrucaolivo.it\/la-nostra-politica-di-prenotazione-e-cancellazione\/#breadcrumb\"},\"inLanguage\":\"fr-FR\",\"potentialAction\":[{\"@type\":\"ReadAction\",\"target\":[\"https:\/\/ilbrucaolivo.it\/la-nostra-politica-di-prenotazione-e-cancellazione\/\"]}]},{\"@type\":\"BreadcrumbList\",\"@id\":\"https:\/\/ilbrucaolivo.it\/la-nostra-politica-di-prenotazione-e-cancellazione\/#breadcrumb\",\"itemListElement\":[{\"@type\":\"ListItem\",\"position\":1,\"name\":\"Home\",\"item\":\"https:\/\/ilbrucaolivo.it\/fr\/\"},{\"@type\":\"ListItem\",\"position\":2,\"name\":\"Notre politique de r\u00e9servation et de d\u00e9sistement\"}]},{\"@type\":\"WebSite\",\"@id\":\"https:\/\/ilbrucaolivo.it\/#website\",\"url\":\"https:\/\/ilbrucaolivo.it\/\",\"name\":\"Il Brucaolivo\",\"description\":\"Agriturismo - Monterosso - Cinque Terre\",\"publisher\":{\"@id\":\"https:\/\/ilbrucaolivo.it\/#organization\"},\"potentialAction\":[{\"@type\":\"SearchAction\",\"target\":{\"@type\":\"EntryPoint\",\"urlTemplate\":\"https:\/\/ilbrucaolivo.it\/?s={search_term_string}\"},\"query-input\":\"required name=search_term_string\"}],\"inLanguage\":\"fr-FR\"},{\"@type\":\"Organization\",\"@id\":\"https:\/\/ilbrucaolivo.it\/#organization\",\"name\":\"Azienda Agricola il Brucaolivo\",\"url\":\"https:\/\/ilbrucaolivo.it\/\",\"logo\":{\"@type\":\"ImageObject\",\"inLanguage\":\"fr-FR\",\"@id\":\"https:\/\/ilbrucaolivo.it\/#\/schema\/logo\/image\/\",\"url\":\"https:\/\/ilbrucaolivo.it\/wp-content\/uploads\/2019\/03\/logo-2.png\",\"contentUrl\":\"https:\/\/ilbrucaolivo.it\/wp-content\/uploads\/2019\/03\/logo-2.png\",\"width\":798,\"height\":305,\"caption\":\"Azienda Agricola il Brucaolivo\"},\"image\":{\"@id\":\"https:\/\/ilbrucaolivo.it\/#\/schema\/logo\/image\/\"},\"sameAs\":[\"https:\/\/www.facebook.com\/Il-Brucaolivo-1462372623980751\/\",\"https:\/\/www.instagram.com\/ilbrucaolivo\/?hl=it\"]}]}<\/script>\n<!-- \/ Yoast SEO plugin. -->","yoast_head_json":{"title":"Notre politique de r\u00e9servation et de d\u00e9sistement - Il Brucaolivo","robots":{"index":"index","follow":"follow","max-snippet":"max-snippet:-1","max-image-preview":"max-image-preview:large","max-video-preview":"max-video-preview:-1"},"canonical":"https:\/\/ilbrucaolivo.it\/la-nostra-politica-di-prenotazione-e-cancellazione\/","og_locale":"fr_FR","og_type":"article","og_title":"Notre politique de r\u00e9servation et de d\u00e9sistement - Il Brucaolivo","og_description":"Pour la r\u00e9servation, nous demandons un acompte d\u2019un montant compris entre le prix d\u2019une et de quatre nuits, en fonction de la dur\u00e9e du s\u00e9jour. Le r\u00e8glement peut se faire par virement bancaire ou PayPal. COORDONNEES BANCAIRES&nbsp;: BENEFICIAIRE : Il Brucaolivo di Costanza LariIBAN : IT02C0623049791000046609415OBJET : caparra per prenotazione camera PayPal :info@ilbrucaolivo.itS\u00e9lectionner la rubrique [...]Lire la suite\u2026 from Notre politique de r\u00e9servation et de d\u00e9sistement","og_url":"https:\/\/ilbrucaolivo.it\/la-nostra-politica-di-prenotazione-e-cancellazione\/","og_site_name":"Il Brucaolivo","article_publisher":"https:\/\/www.facebook.com\/Il-Brucaolivo-1462372623980751\/","article_modified_time":"2022-03-13T18:34:05+00:00","twitter_card":"summary_large_image","twitter_misc":{"Dur\u00e9e de lecture estim\u00e9e":"1 minute"},"schema":{"@context":"https:\/\/schema.org","@graph":[{"@type":"WebPage","@id":"https:\/\/ilbrucaolivo.it\/la-nostra-politica-di-prenotazione-e-cancellazione\/","url":"https:\/\/ilbrucaolivo.it\/la-nostra-politica-di-prenotazione-e-cancellazione\/","name":"Notre politique de r\u00e9servation et de d\u00e9sistement - Il Brucaolivo","isPartOf":{"@id":"https:\/\/ilbrucaolivo.it\/#website"},"datePublished":"2019-03-16T09:57:20+00:00","dateModified":"2022-03-13T18:34:05+00:00","breadcrumb":{"@id":"https:\/\/ilbrucaolivo.it\/la-nostra-politica-di-prenotazione-e-cancellazione\/#breadcrumb"},"inLanguage":"fr-FR","potentialAction":[{"@type":"ReadAction","target":["https:\/\/ilbrucaolivo.it\/la-nostra-politica-di-prenotazione-e-cancellazione\/"]}]},{"@type":"BreadcrumbList","@id":"https:\/\/ilbrucaolivo.it\/la-nostra-politica-di-prenotazione-e-cancellazione\/#breadcrumb","itemListElement":[{"@type":"ListItem","position":1,"name":"Home","item":"https:\/\/ilbrucaolivo.it\/fr\/"},{"@type":"ListItem","position":2,"name":"Notre politique de r\u00e9servation et de d\u00e9sistement"}]},{"@type":"WebSite","@id":"https:\/\/ilbrucaolivo.it\/#website","url":"https:\/\/ilbrucaolivo.it\/","name":"Il Brucaolivo","description":"Agriturismo - Monterosso - Cinque Terre","publisher":{"@id":"https:\/\/ilbrucaolivo.it\/#organization"},"potentialAction":[{"@type":"SearchAction","target":{"@type":"EntryPoint","urlTemplate":"https:\/\/ilbrucaolivo.it\/?s={search_term_string}"},"query-input":"required name=search_term_string"}],"inLanguage":"fr-FR"},{"@type":"Organization","@id":"https:\/\/ilbrucaolivo.it\/#organization","name":"Azienda Agricola il Brucaolivo","url":"https:\/\/ilbrucaolivo.it\/","logo":{"@type":"ImageObject","inLanguage":"fr-FR","@id":"https:\/\/ilbrucaolivo.it\/#\/schema\/logo\/image\/","url":"https:\/\/ilbrucaolivo.it\/wp-content\/uploads\/2019\/03\/logo-2.png","contentUrl":"https:\/\/ilbrucaolivo.it\/wp-content\/uploads\/2019\/03\/logo-2.png","width":798,"height":305,"caption":"Azienda Agricola il Brucaolivo"},"image":{"@id":"https:\/\/ilbrucaolivo.it\/#\/schema\/logo\/image\/"},"sameAs":["https:\/\/www.facebook.com\/Il-Brucaolivo-1462372623980751\/","https:\/\/www.instagram.com\/ilbrucaolivo\/?hl=it"]}]}},"_links":{"self":[{"href":"https:\/\/ilbrucaolivo.it\/fr\/wp-json\/wp\/v2\/pages\/296"}],"collection":[{"href":"https:\/\/ilbrucaolivo.it\/fr\/wp-json\/wp\/v2\/pages"}],"about":[{"href":"https:\/\/ilbrucaolivo.it\/fr\/wp-json\/wp\/v2\/types\/page"}],"author":[{"embeddable":true,"href":"https:\/\/ilbrucaolivo.it\/fr\/wp-json\/wp\/v2\/users\/1"}],"replies":[{"embeddable":true,"href":"https:\/\/ilbrucaolivo.it\/fr\/wp-json\/wp\/v2\/comments?post=296"}],"version-history":[{"count":5,"href":"https:\/\/ilbrucaolivo.it\/fr\/wp-json\/wp\/v2\/pages\/296\/revisions"}],"predecessor-version":[{"id":450,"href":"https:\/\/ilbrucaolivo.it\/fr\/wp-json\/wp\/v2\/pages\/296\/revisions\/450"}],"wp:attachment":[{"href":"https:\/\/ilbrucaolivo.it\/fr\/wp-json\/wp\/v2\/media?parent=296"}],"curies":[{"name":"wp","href":"https:\/\/api.w.org\/{rel}","templated":true}]}}